{"id":95,"date":"2022-10-06T17:02:58","date_gmt":"2022-10-06T15:02:58","guid":{"rendered":"http:\/\/esparquet.com\/?page_id=95"},"modified":"2023-05-02T11:59:45","modified_gmt":"2023-05-02T09:59:45","slug":"commerce","status":"publish","type":"page","link":"https:\/\/esparquet.com\/index.php\/commerce\/","title":{"rendered":"COMMERCE ET BUREAU"},"content":{"rendered":"\n<h2 class=\"wp-block-heading\">Parquet coll\u00e9<\/h2>\n\n\n\n<p>Pose en 3 \u00e9tapes :<\/p>\n\n\n\n<p>_&nbsp;<strong>La pose&nbsp;<\/strong>: Le sol doit \u00eatre d\u00e9gag\u00e9 et propre, plane, rigide, stable et sec pour la pose du parquet. Le parquet sera coll\u00e9 en plein avec spatule adapt\u00e9e et conforme au DTU. Avec une colle PU mono composante.<\/p>\n\n\n\n<p>L\u2019humidit\u00e9 du sol ne doit jamais d\u00e9passer 3%. La pose d\u00e9marre le long d\u2019un mur ou au centre de la pi\u00e8ce en alignant la premi\u00e8re rang\u00e9 \u00e0 l\u2019aide d\u2019un cordon ou une r\u00e8gle. On doit laisser au long des murs une dilatation entre 5 et 8mm. On contr\u00f4le r\u00e9guli\u00e8rement l\u2019\u00e9querrage et l\u2019alignement des pi\u00e8ces<\/p>\n\n\n\n<p>On v\u00e9rifie constamment &nbsp;que la temp\u00e9rature ambiante&nbsp; est entre 14-18\u00b0 afin avoir une bonne stabilit\u00e9 du parquet (tr\u00e8s important.<\/p>\n\n\n\n<p>_<strong>Le pon\u00e7age&nbsp;<\/strong>: Un pon\u00e7age soign\u00e9 en plusieurs passes de papiers abrasifs avec machine \u00e0 bande, et rotative pour les bords et coins &nbsp;pour replanissage du&nbsp; parquet. Toutes les machines sont adapt\u00e9es &nbsp;de sac d\u2019aspiration afin d\u2019\u00e9viter toutes poussi\u00e8res &nbsp;Le parquet sera aspir\u00e9 \u00e0 tout moment &nbsp;et nettoy\u00e9 avant traitement de huile.<\/p>\n\n\n\n<p>_&nbsp;<strong>Le vernis<\/strong>&nbsp;: Un vernis sera appliqu\u00e9 au rouleau et lustr\u00e9 avec une mono-brosse adapt\u00e9e au parquet. Apr\u00e8s une couche un \u00e9grenage sera effectu\u00e9 afin d\u2019appliquer &nbsp;la 2\u00e8me couche<\/p>\n\n\n\n<figure class=\"wp-block-gallery has-nested-images columns-default is-cropped wp-block-gallery-1 is-layout-flex wp-block-gallery-is-layout-flex\">\n<figure class=\"wp-block-image size-large\"><a href=\"http:\/\/esparquet.com\/wp-content\/uploads\/2022\/10\/IMG_1622-1-scaled.jpg\" data-rel=\"lightbox-gallery-zxuZhyqZ\" data-rl_title=\"\" data-rl_caption=\"\" title=\"\"><img loading=\"lazy\" decoding=\"async\" width=\"768\" height=\"1024\" data-id=\"209\" src=\"http:\/\/esparquet.com\/wp-content\/uploads\/2022\/10\/IMG_1622-1-768x1024.jpg\" alt=\"\" class=\"wp-image-209\" srcset=\"https:\/\/esparquet.com\/wp-content\/uploads\/2022\/10\/IMG_1622-1-768x1024.jpg 768w, https:\/\/esparquet.com\/wp-content\/uploads\/2022\/10\/IMG_1622-1-225x300.jpg 225w, https:\/\/esparquet.com\/wp-content\/uploads\/2022\/10\/IMG_1622-1-1152x1536.jpg 1152w, https:\/\/esparquet.com\/wp-content\/uploads\/2022\/10\/IMG_1622-1-1536x2048.jpg 1536w, https:\/\/esparquet.com\/wp-content\/uploads\/2022\/10\/IMG_1622-1-scaled.jpg 1920w\" sizes=\"(max-width: 768px) 100vw, 768px\" \/><\/a><\/figure>\n\n\n\n<figure class=\"wp-block-image size-large\"><a href=\"http:\/\/esparquet.com\/wp-content\/uploads\/2022\/10\/IMG_4936-scaled.jpg\" data-rel=\"lightbox-gallery-zxuZhyqZ\" data-rl_title=\"\" data-rl_caption=\"\" title=\"\"><img loading=\"lazy\" decoding=\"async\" width=\"768\" height=\"1024\" data-id=\"208\" src=\"http:\/\/esparquet.com\/wp-content\/uploads\/2022\/10\/IMG_4936-768x1024.jpg\" alt=\"\" class=\"wp-image-208\" srcset=\"https:\/\/esparquet.com\/wp-content\/uploads\/2022\/10\/IMG_4936-768x1024.jpg 768w, https:\/\/esparquet.com\/wp-content\/uploads\/2022\/10\/IMG_4936-225x300.jpg 225w, https:\/\/esparquet.com\/wp-content\/uploads\/2022\/10\/IMG_4936-1152x1536.jpg 1152w, https:\/\/esparquet.com\/wp-content\/uploads\/2022\/10\/IMG_4936-1536x2048.jpg 1536w, https:\/\/esparquet.com\/wp-content\/uploads\/2022\/10\/IMG_4936-scaled.jpg 1920w\" sizes=\"(max-width: 768px) 100vw, 768px\" \/><\/a><\/figure>\n\n\n\n<figure class=\"wp-block-image size-large\"><a href=\"http:\/\/esparquet.com\/wp-content\/uploads\/2022\/10\/reinhardt-123.jpg\" data-rel=\"lightbox-gallery-zxuZhyqZ\" data-rl_title=\"\" data-rl_caption=\"\" title=\"\"><img loading=\"lazy\" decoding=\"async\" width=\"1024\" height=\"768\" data-id=\"210\" src=\"http:\/\/esparquet.com\/wp-content\/uploads\/2022\/10\/reinhardt-123-1024x768.jpg\" alt=\"\" class=\"wp-image-210\" srcset=\"https:\/\/esparquet.com\/wp-content\/uploads\/2022\/10\/reinhardt-123-1024x768.jpg 1024w, https:\/\/esparquet.com\/wp-content\/uploads\/2022\/10\/reinhardt-123-300x225.jpg 300w, https:\/\/esparquet.com\/wp-content\/uploads\/2022\/10\/reinhardt-123-768x576.jpg 768w, https:\/\/esparquet.com\/wp-content\/uploads\/2022\/10\/reinhardt-123.jpg 1280w\" sizes=\"(max-width: 1024px) 100vw, 1024px\" \/><\/a><\/figure>\n\n\n\n<figure class=\"wp-block-image size-large\"><a href=\"http:\/\/esparquet.com\/wp-content\/uploads\/2022\/10\/IMG_3504-scaled.jpg\" data-rel=\"lightbox-gallery-zxuZhyqZ\" data-rl_title=\"\" data-rl_caption=\"\" title=\"\"><img loading=\"lazy\" decoding=\"async\" width=\"768\" height=\"1024\" data-id=\"211\" src=\"http:\/\/esparquet.com\/wp-content\/uploads\/2022\/10\/IMG_3504-768x1024.jpg\" alt=\"\" class=\"wp-image-211\" srcset=\"https:\/\/esparquet.com\/wp-content\/uploads\/2022\/10\/IMG_3504-768x1024.jpg 768w, https:\/\/esparquet.com\/wp-content\/uploads\/2022\/10\/IMG_3504-225x300.jpg 225w, https:\/\/esparquet.com\/wp-content\/uploads\/2022\/10\/IMG_3504-1152x1536.jpg 1152w, https:\/\/esparquet.com\/wp-content\/uploads\/2022\/10\/IMG_3504-1536x2048.jpg 1536w, https:\/\/esparquet.com\/wp-content\/uploads\/2022\/10\/IMG_3504-scaled.jpg 1920w\" sizes=\"(max-width: 768px) 100vw, 768px\" \/><\/a><\/figure>\n\n\n\n<figure class=\"wp-block-image size-large\"><a href=\"http:\/\/esparquet.com\/wp-content\/uploads\/2022\/10\/IMG_4041-scaled.jpg\" data-rel=\"lightbox-gallery-zxuZhyqZ\" data-rl_title=\"\" data-rl_caption=\"\" title=\"\"><img loading=\"lazy\" decoding=\"async\" width=\"768\" height=\"1024\" data-id=\"212\" src=\"http:\/\/esparquet.com\/wp-content\/uploads\/2022\/10\/IMG_4041-768x1024.jpg\" alt=\"\" class=\"wp-image-212\" srcset=\"https:\/\/esparquet.com\/wp-content\/uploads\/2022\/10\/IMG_4041-768x1024.jpg 768w, https:\/\/esparquet.com\/wp-content\/uploads\/2022\/10\/IMG_4041-225x300.jpg 225w, https:\/\/esparquet.com\/wp-content\/uploads\/2022\/10\/IMG_4041-1152x1536.jpg 1152w, https:\/\/esparquet.com\/wp-content\/uploads\/2022\/10\/IMG_4041-1536x2048.jpg 1536w, https:\/\/esparquet.com\/wp-content\/uploads\/2022\/10\/IMG_4041-scaled.jpg 1920w\" sizes=\"(max-width: 768px) 100vw, 768px\" \/><\/a><\/figure>\n\n\n\n<figure class=\"wp-block-image size-large\"><a href=\"http:\/\/esparquet.com\/wp-content\/uploads\/2022\/10\/IMG_4044-2-scaled.jpg\" data-rel=\"lightbox-gallery-zxuZhyqZ\" data-rl_title=\"\" data-rl_caption=\"\" title=\"\"><img loading=\"lazy\" decoding=\"async\" width=\"768\" height=\"1024\" data-id=\"213\" src=\"http:\/\/esparquet.com\/wp-content\/uploads\/2022\/10\/IMG_4044-2-768x1024.jpg\" alt=\"\" class=\"wp-image-213\" srcset=\"https:\/\/esparquet.com\/wp-content\/uploads\/2022\/10\/IMG_4044-2-768x1024.jpg 768w, https:\/\/esparquet.com\/wp-content\/uploads\/2022\/10\/IMG_4044-2-225x300.jpg 225w, https:\/\/esparquet.com\/wp-content\/uploads\/2022\/10\/IMG_4044-2-1152x1536.jpg 1152w, https:\/\/esparquet.com\/wp-content\/uploads\/2022\/10\/IMG_4044-2-1536x2048.jpg 1536w, https:\/\/esparquet.com\/wp-content\/uploads\/2022\/10\/IMG_4044-2-scaled.jpg 1920w\" sizes=\"(max-width: 768px) 100vw, 768px\" \/><\/a><\/figure>\n\n\n\n<figure class=\"wp-block-image size-large\"><img loading=\"lazy\" decoding=\"async\" width=\"768\" height=\"1024\" data-id=\"452\" src=\"http:\/\/esparquet.com\/wp-content\/uploads\/2022\/11\/IMG_2711-1-768x1024.jpg\" alt=\"\" class=\"wp-image-452\" srcset=\"https:\/\/esparquet.com\/wp-content\/uploads\/2022\/11\/IMG_2711-1-768x1024.jpg 768w, https:\/\/esparquet.com\/wp-content\/uploads\/2022\/11\/IMG_2711-1-225x300.jpg 225w, https:\/\/esparquet.com\/wp-content\/uploads\/2022\/11\/IMG_2711-1-1152x1536.jpg 1152w, https:\/\/esparquet.com\/wp-content\/uploads\/2022\/11\/IMG_2711-1-1536x2048.jpg 1536w, https:\/\/esparquet.com\/wp-content\/uploads\/2022\/11\/IMG_2711-1-scaled.jpg 1920w\" sizes=\"(max-width: 768px) 100vw, 768px\" \/><\/figure>\n\n\n\n<figure class=\"wp-block-image size-large\"><img loading=\"lazy\" decoding=\"async\" width=\"768\" height=\"1024\" data-id=\"466\" src=\"http:\/\/esparquet.com\/wp-content\/uploads\/2022\/11\/IMG_4934-2-768x1024.jpg\" alt=\"\" class=\"wp-image-466\" srcset=\"https:\/\/esparquet.com\/wp-content\/uploads\/2022\/11\/IMG_4934-2-768x1024.jpg 768w, https:\/\/esparquet.com\/wp-content\/uploads\/2022\/11\/IMG_4934-2-225x300.jpg 225w, https:\/\/esparquet.com\/wp-content\/uploads\/2022\/11\/IMG_4934-2-1152x1536.jpg 1152w, https:\/\/esparquet.com\/wp-content\/uploads\/2022\/11\/IMG_4934-2-1536x2048.jpg 1536w, https:\/\/esparquet.com\/wp-content\/uploads\/2022\/11\/IMG_4934-2-scaled.jpg 1920w\" sizes=\"(max-width: 768px) 100vw, 768px\" \/><\/figure>\n\n\n\n<figure class=\"wp-block-image size-large\"><img loading=\"lazy\" decoding=\"async\" width=\"768\" height=\"1024\" data-id=\"470\" src=\"http:\/\/esparquet.com\/wp-content\/uploads\/2022\/11\/IMG_5917-1-768x1024.jpg\" alt=\"\" class=\"wp-image-470\" srcset=\"https:\/\/esparquet.com\/wp-content\/uploads\/2022\/11\/IMG_5917-1-768x1024.jpg 768w, https:\/\/esparquet.com\/wp-content\/uploads\/2022\/11\/IMG_5917-1-225x300.jpg 225w, https:\/\/esparquet.com\/wp-content\/uploads\/2022\/11\/IMG_5917-1-1152x1536.jpg 1152w, https:\/\/esparquet.com\/wp-content\/uploads\/2022\/11\/IMG_5917-1.jpg 1536w\" sizes=\"(max-width: 768px) 100vw, 768px\" \/><\/figure>\n\n\n\n<figure class=\"wp-block-image size-large\"><img loading=\"lazy\" decoding=\"async\" width=\"1024\" height=\"768\" data-id=\"471\" src=\"http:\/\/esparquet.com\/wp-content\/uploads\/2022\/11\/IMG_6194-1.jpg\" alt=\"\" class=\"wp-image-471\" srcset=\"https:\/\/esparquet.com\/wp-content\/uploads\/2022\/11\/IMG_6194-1.jpg 1024w, https:\/\/esparquet.com\/wp-content\/uploads\/2022\/11\/IMG_6194-1-300x225.jpg 300w, https:\/\/esparquet.com\/wp-content\/uploads\/2022\/11\/IMG_6194-1-768x576.jpg 768w\" sizes=\"(max-width: 1024px) 100vw, 1024px\" \/><\/figure>\n\n\n\n<figure class=\"wp-block-image size-large\"><img loading=\"lazy\" decoding=\"async\" width=\"1024\" height=\"640\" data-id=\"472\" src=\"http:\/\/esparquet.com\/wp-content\/uploads\/2022\/11\/IMG_6195-1-1024x640.jpg\" alt=\"\" class=\"wp-image-472\" srcset=\"https:\/\/esparquet.com\/wp-content\/uploads\/2022\/11\/IMG_6195-1-1024x640.jpg 1024w, https:\/\/esparquet.com\/wp-content\/uploads\/2022\/11\/IMG_6195-1-300x188.jpg 300w, https:\/\/esparquet.com\/wp-content\/uploads\/2022\/11\/IMG_6195-1-768x480.jpg 768w, https:\/\/esparquet.com\/wp-content\/uploads\/2022\/11\/IMG_6195-1-1536x960.jpg 1536w, https:\/\/esparquet.com\/wp-content\/uploads\/2022\/11\/IMG_6195-1.jpg 2048w\" sizes=\"(max-width: 1024px) 100vw, 1024px\" \/><\/figure>\n\n\n\n<figure class=\"wp-block-image size-large\"><img loading=\"lazy\" decoding=\"async\" width=\"768\" height=\"1024\" data-id=\"475\" src=\"http:\/\/esparquet.com\/wp-content\/uploads\/2022\/11\/IMG_6229-1-768x1024.jpg\" alt=\"\" class=\"wp-image-475\" srcset=\"https:\/\/esparquet.com\/wp-content\/uploads\/2022\/11\/IMG_6229-1-768x1024.jpg 768w, https:\/\/esparquet.com\/wp-content\/uploads\/2022\/11\/IMG_6229-1-225x300.jpg 225w, https:\/\/esparquet.com\/wp-content\/uploads\/2022\/11\/IMG_6229-1-1152x1536.jpg 1152w, https:\/\/esparquet.com\/wp-content\/uploads\/2022\/11\/IMG_6229-1-1536x2048.jpg 1536w, https:\/\/esparquet.com\/wp-content\/uploads\/2022\/11\/IMG_6229-1-scaled.jpg 1920w\" sizes=\"(max-width: 768px) 100vw, 768px\" \/><\/figure>\n\n\n<\/figure>\n","protected":false},"excerpt":{"rendered":"<p>Parquet coll\u00e9 Pose en 3 \u00e9tapes : _&nbsp;La pose&nbsp;: Le sol doit \u00eatre d\u00e9gag\u00e9 et propre, plane, rigide, stable et sec pour la pose du parquet. Le parquet sera coll\u00e9 en plein avec spatule adapt\u00e9e et conforme au DTU. Avec une colle PU mono composante. L\u2019humidit\u00e9 du sol ne doit jamais d\u00e9passer 3%. La pose [&hellip;]<\/p>\n","protected":false},"author":1,"featured_media":0,"parent":0,"menu_order":0,"comment_status":"closed","ping_status":"closed","template":"page-templates\/page-full-width.php","meta":{"footnotes":""},"_links":{"self":[{"href":"https:\/\/esparquet.com\/index.php\/wp-json\/wp\/v2\/pages\/95"}],"collection":[{"href":"https:\/\/esparquet.com\/index.php\/wp-json\/wp\/v2\/pages"}],"about":[{"href":"https:\/\/esparquet.com\/index.php\/wp-json\/wp\/v2\/types\/page"}],"author":[{"embeddable":true,"href":"https:\/\/esparquet.com\/index.php\/wp-json\/wp\/v2\/users\/1"}],"replies":[{"embeddable":true,"href":"https:\/\/esparquet.com\/index.php\/wp-json\/wp\/v2\/comments?post=95"}],"version-history":[{"count":10,"href":"https:\/\/esparquet.com\/index.php\/wp-json\/wp\/v2\/pages\/95\/revisions"}],"predecessor-version":[{"id":502,"href":"https:\/\/esparquet.com\/index.php\/wp-json\/wp\/v2\/pages\/95\/revisions\/502"}],"wp:attachment":[{"href":"https:\/\/esparquet.com\/index.php\/wp-json\/wp\/v2\/media?parent=95"}],"curies":[{"name":"wp","href":"https:\/\/api.w.org\/{rel}","templated":true}]}}