{"id":93,"date":"2022-10-06T17:02:12","date_gmt":"2022-10-06T15:02:12","guid":{"rendered":"http:\/\/esparquet.com\/?page_id=93"},"modified":"2024-03-20T09:53:01","modified_gmt":"2024-03-20T08:53:01","slug":"grand-public","status":"publish","type":"page","link":"https:\/\/esparquet.com\/index.php\/grand-public\/","title":{"rendered":"GRAND PUBLIC"},"content":{"rendered":"\n<h2 class=\"wp-block-heading\">Parquet sur chant<\/h2>\n\n\n\n<p>Parquet \u00e0 huiler ou \u00e0 vernir, pour les sols \u00e0 tr\u00e8s fort trafic (usage industriel, grand public ou polyvalent)<\/p>\n\n\n\n<p>Assemblage : par grille thermoplastique au contreparement (\u00e0 coller directement au support)<\/p>\n\n\n\n<p>Pose coll\u00e9e : par collage sur chape de b\u00e9ton dos\u00e9 \u00e0 350 kg\/m3 de CPA 400 (r\u00e8gles habituelles du D.T.U.). Les panneaux doivent \u00eatre pos\u00e9s tous dans le m\u00eame sens, toutes les lamelles se retrouvant par rang\u00e9es juxtapos\u00e9es de 120 mm. Ne pas chercher \u00e0 aligner chaque lamelle, car elles peuvent \u00eatre de largeur diff\u00e9rente (8 mm ou quelques dixi\u00e8mes en moins) ; pour la m\u00eame raison, ne pas poser les panneaux en inversant le sens des lamelles comme un parquet mosa\u00efque classique.<\/p>\n\n\n\n<figure class=\"wp-block-gallery has-nested-images columns-default is-cropped wp-block-gallery-1 is-layout-flex wp-block-gallery-is-layout-flex\">\n<figure class=\"wp-block-image size-large\"><a href=\"http:\/\/esparquet.com\/wp-content\/uploads\/2022\/10\/IMG_0838-1-scaled.jpg\" data-rel=\"lightbox-gallery-TvsiKylH\" data-rl_title=\"\" data-rl_caption=\"\" title=\"\"><img loading=\"lazy\" decoding=\"async\" width=\"768\" height=\"1024\" data-id=\"179\" src=\"http:\/\/esparquet.com\/wp-content\/uploads\/2022\/10\/IMG_0838-1-768x1024.jpg\" alt=\"\" class=\"wp-image-179\" srcset=\"https:\/\/esparquet.com\/wp-content\/uploads\/2022\/10\/IMG_0838-1-768x1024.jpg 768w, https:\/\/esparquet.com\/wp-content\/uploads\/2022\/10\/IMG_0838-1-225x300.jpg 225w, https:\/\/esparquet.com\/wp-content\/uploads\/2022\/10\/IMG_0838-1-1152x1536.jpg 1152w, https:\/\/esparquet.com\/wp-content\/uploads\/2022\/10\/IMG_0838-1-1536x2048.jpg 1536w, https:\/\/esparquet.com\/wp-content\/uploads\/2022\/10\/IMG_0838-1-scaled.jpg 1920w\" sizes=\"(max-width: 768px) 100vw, 768px\" \/><\/a><\/figure>\n\n\n\n<figure class=\"wp-block-image size-large\"><img loading=\"lazy\" decoding=\"async\" width=\"768\" height=\"1024\" data-id=\"522\" src=\"https:\/\/esparquet.com\/wp-content\/uploads\/2024\/03\/IMG_3423-768x1024.jpg\" alt=\"\" class=\"wp-image-522\" srcset=\"https:\/\/esparquet.com\/wp-content\/uploads\/2024\/03\/IMG_3423-768x1024.jpg 768w, https:\/\/esparquet.com\/wp-content\/uploads\/2024\/03\/IMG_3423-225x300.jpg 225w, https:\/\/esparquet.com\/wp-content\/uploads\/2024\/03\/IMG_3423-1152x1536.jpg 1152w, https:\/\/esparquet.com\/wp-content\/uploads\/2024\/03\/IMG_3423-1536x2048.jpg 1536w, https:\/\/esparquet.com\/wp-content\/uploads\/2024\/03\/IMG_3423-scaled.jpg 1920w\" sizes=\"(max-width: 768px) 100vw, 768px\" \/><\/figure>\n\n\n\n<figure class=\"wp-block-image size-large\"><img loading=\"lazy\" decoding=\"async\" width=\"768\" height=\"1024\" data-id=\"523\" src=\"https:\/\/esparquet.com\/wp-content\/uploads\/2024\/03\/IMG_3435-768x1024.jpg\" alt=\"\" class=\"wp-image-523\" srcset=\"https:\/\/esparquet.com\/wp-content\/uploads\/2024\/03\/IMG_3435-768x1024.jpg 768w, https:\/\/esparquet.com\/wp-content\/uploads\/2024\/03\/IMG_3435-225x300.jpg 225w, https:\/\/esparquet.com\/wp-content\/uploads\/2024\/03\/IMG_3435-1152x1536.jpg 1152w, https:\/\/esparquet.com\/wp-content\/uploads\/2024\/03\/IMG_3435-1536x2048.jpg 1536w, https:\/\/esparquet.com\/wp-content\/uploads\/2024\/03\/IMG_3435-scaled.jpg 1920w\" sizes=\"(max-width: 768px) 100vw, 768px\" \/><\/figure>\n\n\n\n<figure class=\"wp-block-image size-large\"><img loading=\"lazy\" decoding=\"async\" width=\"768\" height=\"1024\" data-id=\"524\" src=\"https:\/\/esparquet.com\/wp-content\/uploads\/2024\/03\/IMG_3518-768x1024.jpg\" alt=\"\" class=\"wp-image-524\" srcset=\"https:\/\/esparquet.com\/wp-content\/uploads\/2024\/03\/IMG_3518-768x1024.jpg 768w, https:\/\/esparquet.com\/wp-content\/uploads\/2024\/03\/IMG_3518-225x300.jpg 225w, https:\/\/esparquet.com\/wp-content\/uploads\/2024\/03\/IMG_3518-1152x1536.jpg 1152w, https:\/\/esparquet.com\/wp-content\/uploads\/2024\/03\/IMG_3518-1536x2048.jpg 1536w, https:\/\/esparquet.com\/wp-content\/uploads\/2024\/03\/IMG_3518-scaled.jpg 1920w\" sizes=\"(max-width: 768px) 100vw, 768px\" \/><\/figure>\n\n\n\n<figure class=\"wp-block-image size-large\"><img loading=\"lazy\" decoding=\"async\" width=\"1024\" height=\"768\" data-id=\"525\" src=\"https:\/\/esparquet.com\/wp-content\/uploads\/2024\/03\/IMG_2208-1024x768.jpg\" alt=\"\" class=\"wp-image-525\" srcset=\"https:\/\/esparquet.com\/wp-content\/uploads\/2024\/03\/IMG_2208-1024x768.jpg 1024w, https:\/\/esparquet.com\/wp-content\/uploads\/2024\/03\/IMG_2208-300x225.jpg 300w, https:\/\/esparquet.com\/wp-content\/uploads\/2024\/03\/IMG_2208-768x576.jpg 768w, https:\/\/esparquet.com\/wp-content\/uploads\/2024\/03\/IMG_2208-1536x1152.jpg 1536w, https:\/\/esparquet.com\/wp-content\/uploads\/2024\/03\/IMG_2208-2048x1536.jpg 2048w\" sizes=\"(max-width: 1024px) 100vw, 1024px\" \/><\/figure>\n\n\n\n<figure class=\"wp-block-image size-large\"><img loading=\"lazy\" decoding=\"async\" width=\"768\" height=\"1024\" data-id=\"526\" src=\"https:\/\/esparquet.com\/wp-content\/uploads\/2024\/03\/IMG_2886-768x1024.jpg\" alt=\"\" class=\"wp-image-526\" srcset=\"https:\/\/esparquet.com\/wp-content\/uploads\/2024\/03\/IMG_2886-768x1024.jpg 768w, https:\/\/esparquet.com\/wp-content\/uploads\/2024\/03\/IMG_2886-225x300.jpg 225w, https:\/\/esparquet.com\/wp-content\/uploads\/2024\/03\/IMG_2886-1152x1536.jpg 1152w, https:\/\/esparquet.com\/wp-content\/uploads\/2024\/03\/IMG_2886-1536x2048.jpg 1536w, https:\/\/esparquet.com\/wp-content\/uploads\/2024\/03\/IMG_2886-scaled.jpg 1920w\" sizes=\"(max-width: 768px) 100vw, 768px\" \/><\/figure>\n\n\n<\/figure>\n\n\n\n<h2 class=\"wp-block-heading\">Parquet coll\u00e9<\/h2>\n\n\n\n<p>Pose en 3 \u00e9tapes : <\/p>\n\n\n\n<p>_ <strong>La pose <\/strong>:  Le sol doit \u00eatre d\u00e9gag\u00e9 et propre, plane, rigide, stable et sec pour la pose du parquet. Le parquet sera coll\u00e9 en plein avec spatule adapt\u00e9e et conforme au DTU. Avec une colle PU mono composante.<\/p>\n\n\n\n<p>L\u2019humidit\u00e9 du sol ne doit jamais d\u00e9passer 3%. La pose d\u00e9marre le long d\u2019un mur ou au centre de la pi\u00e8ce en alignant la premi\u00e8re rang\u00e9 \u00e0 l\u2019aide d\u2019un cordon ou une r\u00e8gle. On doit laisser au long des murs une dilatation entre 5 et 8mm. On contr\u00f4le r\u00e9guli\u00e8rement l\u2019\u00e9querrage et l\u2019alignement des pi\u00e8ces<\/p>\n\n\n\n<p>On v\u00e9rifie constamment &nbsp;que la temp\u00e9rature ambiante&nbsp; est entre 14-18\u00b0 afin avoir une bonne stabilit\u00e9 du parquet (tr\u00e8s important.<\/p>\n\n\n\n<p>_<strong>Le pon\u00e7age <\/strong>:  Un pon\u00e7age soign\u00e9 en plusieurs passes de papiers abrasifs avec machine \u00e0 bande, et rotative pour les bords et coins &nbsp;pour replanissage du&nbsp; parquet. Toutes les machines sont adapt\u00e9es &nbsp;de sac d\u2019aspiration afin d\u2019\u00e9viter toutes poussi\u00e8res &nbsp;Le parquet sera aspir\u00e9 \u00e0 tout moment &nbsp;et nettoy\u00e9 avant traitement de huile.<\/p>\n\n\n\n<p>_ <strong>Le vernis<\/strong> :  Un vernis sera appliqu\u00e9 au rouleau et lustr\u00e9 avec une mono-brosse adapt\u00e9e au parquet. Apr\u00e8s une couche un \u00e9grenage sera effectu\u00e9 afin d\u2019appliquer &nbsp;la 2\u00e8me couche<\/p>\n\n\n\n<p>&nbsp;&nbsp;&nbsp;&nbsp;&nbsp;&nbsp;&nbsp;&nbsp;<\/p>\n\n\n\n<figure class=\"wp-block-gallery has-nested-images columns-default is-cropped wp-block-gallery-2 is-layout-flex wp-block-gallery-is-layout-flex\">\n<figure class=\"wp-block-image size-large\"><a href=\"http:\/\/esparquet.com\/wp-content\/uploads\/2022\/10\/IMG_8040-scaled.jpg\" data-rel=\"lightbox-gallery-TvsiKylH\" data-rl_title=\"\" data-rl_caption=\"\" title=\"\"><img loading=\"lazy\" decoding=\"async\" width=\"768\" height=\"1024\" data-id=\"184\" src=\"http:\/\/esparquet.com\/wp-content\/uploads\/2022\/10\/IMG_8040-768x1024.jpg\" alt=\"\" class=\"wp-image-184\" srcset=\"https:\/\/esparquet.com\/wp-content\/uploads\/2022\/10\/IMG_8040-768x1024.jpg 768w, https:\/\/esparquet.com\/wp-content\/uploads\/2022\/10\/IMG_8040-225x300.jpg 225w, https:\/\/esparquet.com\/wp-content\/uploads\/2022\/10\/IMG_8040-1152x1536.jpg 1152w, https:\/\/esparquet.com\/wp-content\/uploads\/2022\/10\/IMG_8040-1536x2048.jpg 1536w, https:\/\/esparquet.com\/wp-content\/uploads\/2022\/10\/IMG_8040-scaled.jpg 1920w\" sizes=\"(max-width: 768px) 100vw, 768px\" \/><\/a><\/figure>\n\n\n\n<figure class=\"wp-block-image size-large\"><a href=\"http:\/\/esparquet.com\/wp-content\/uploads\/2022\/10\/IMG_8043-1-scaled.jpg\" data-rel=\"lightbox-gallery-TvsiKylH\" data-rl_title=\"\" data-rl_caption=\"\" title=\"\"><img loading=\"lazy\" decoding=\"async\" width=\"768\" height=\"1024\" data-id=\"185\" src=\"http:\/\/esparquet.com\/wp-content\/uploads\/2022\/10\/IMG_8043-1-768x1024.jpg\" alt=\"\" class=\"wp-image-185\" srcset=\"https:\/\/esparquet.com\/wp-content\/uploads\/2022\/10\/IMG_8043-1-768x1024.jpg 768w, https:\/\/esparquet.com\/wp-content\/uploads\/2022\/10\/IMG_8043-1-225x300.jpg 225w, https:\/\/esparquet.com\/wp-content\/uploads\/2022\/10\/IMG_8043-1-1152x1536.jpg 1152w, https:\/\/esparquet.com\/wp-content\/uploads\/2022\/10\/IMG_8043-1-1536x2048.jpg 1536w, https:\/\/esparquet.com\/wp-content\/uploads\/2022\/10\/IMG_8043-1-scaled.jpg 1920w\" sizes=\"(max-width: 768px) 100vw, 768px\" \/><\/a><\/figure>\n\n\n\n<figure class=\"wp-block-image size-large\"><a href=\"http:\/\/esparquet.com\/wp-content\/uploads\/2022\/10\/IMG_1763-scaled.jpg\" data-rel=\"lightbox-gallery-TvsiKylH\" data-rl_title=\"\" data-rl_caption=\"\" title=\"\"><img loading=\"lazy\" decoding=\"async\" width=\"768\" height=\"1024\" data-id=\"188\" src=\"http:\/\/esparquet.com\/wp-content\/uploads\/2022\/10\/IMG_1763-768x1024.jpg\" alt=\"\" class=\"wp-image-188\" srcset=\"https:\/\/esparquet.com\/wp-content\/uploads\/2022\/10\/IMG_1763-768x1024.jpg 768w, https:\/\/esparquet.com\/wp-content\/uploads\/2022\/10\/IMG_1763-225x300.jpg 225w, https:\/\/esparquet.com\/wp-content\/uploads\/2022\/10\/IMG_1763-1152x1536.jpg 1152w, https:\/\/esparquet.com\/wp-content\/uploads\/2022\/10\/IMG_1763-1536x2048.jpg 1536w, https:\/\/esparquet.com\/wp-content\/uploads\/2022\/10\/IMG_1763-scaled.jpg 1920w\" sizes=\"(max-width: 768px) 100vw, 768px\" \/><\/a><\/figure>\n\n\n\n<figure class=\"wp-block-image size-large\"><a href=\"http:\/\/esparquet.com\/wp-content\/uploads\/2022\/10\/288988124_739982237447942_3281427049364000703_n.jpg\" data-rel=\"lightbox-gallery-TvsiKylH\" data-rl_title=\"\" data-rl_caption=\"\" title=\"\"><img loading=\"lazy\" decoding=\"async\" width=\"768\" height=\"1024\" data-id=\"351\" src=\"http:\/\/esparquet.com\/wp-content\/uploads\/2022\/10\/288988124_739982237447942_3281427049364000703_n-768x1024.jpg\" alt=\"\" class=\"wp-image-351\" srcset=\"https:\/\/esparquet.com\/wp-content\/uploads\/2022\/10\/288988124_739982237447942_3281427049364000703_n-768x1024.jpg 768w, https:\/\/esparquet.com\/wp-content\/uploads\/2022\/10\/288988124_739982237447942_3281427049364000703_n-225x300.jpg 225w, https:\/\/esparquet.com\/wp-content\/uploads\/2022\/10\/288988124_739982237447942_3281427049364000703_n-1152x1536.jpg 1152w, https:\/\/esparquet.com\/wp-content\/uploads\/2022\/10\/288988124_739982237447942_3281427049364000703_n.jpg 1536w\" sizes=\"(max-width: 768px) 100vw, 768px\" \/><\/a><\/figure>\n\n\n\n<figure class=\"wp-block-image size-large\"><a href=\"http:\/\/esparquet.com\/wp-content\/uploads\/2022\/10\/284898153_693456491917432_1342752106310000630_n.jpg\" data-rel=\"lightbox-gallery-TvsiKylH\" data-rl_title=\"\" data-rl_caption=\"\" title=\"\"><img loading=\"lazy\" decoding=\"async\" width=\"768\" height=\"1024\" data-id=\"356\" src=\"http:\/\/esparquet.com\/wp-content\/uploads\/2022\/10\/284898153_693456491917432_1342752106310000630_n-768x1024.jpg\" alt=\"\" class=\"wp-image-356\" srcset=\"https:\/\/esparquet.com\/wp-content\/uploads\/2022\/10\/284898153_693456491917432_1342752106310000630_n-768x1024.jpg 768w, https:\/\/esparquet.com\/wp-content\/uploads\/2022\/10\/284898153_693456491917432_1342752106310000630_n-225x300.jpg 225w, https:\/\/esparquet.com\/wp-content\/uploads\/2022\/10\/284898153_693456491917432_1342752106310000630_n-1152x1536.jpg 1152w, https:\/\/esparquet.com\/wp-content\/uploads\/2022\/10\/284898153_693456491917432_1342752106310000630_n.jpg 1536w\" sizes=\"(max-width: 768px) 100vw, 768px\" \/><\/a><\/figure>\n\n\n\n<figure class=\"wp-block-image size-large\"><a href=\"http:\/\/esparquet.com\/wp-content\/uploads\/2022\/10\/280183955_1226313911508336_1349154819245701256_n-1.jpg\" data-rel=\"lightbox-gallery-TvsiKylH\" data-rl_title=\"\" data-rl_caption=\"\" title=\"\"><img loading=\"lazy\" decoding=\"async\" width=\"1024\" height=\"768\" data-id=\"360\" src=\"http:\/\/esparquet.com\/wp-content\/uploads\/2022\/10\/280183955_1226313911508336_1349154819245701256_n-1-1024x768.jpg\" alt=\"\" class=\"wp-image-360\" srcset=\"https:\/\/esparquet.com\/wp-content\/uploads\/2022\/10\/280183955_1226313911508336_1349154819245701256_n-1-1024x768.jpg 1024w, https:\/\/esparquet.com\/wp-content\/uploads\/2022\/10\/280183955_1226313911508336_1349154819245701256_n-1-300x225.jpg 300w, https:\/\/esparquet.com\/wp-content\/uploads\/2022\/10\/280183955_1226313911508336_1349154819245701256_n-1-768x576.jpg 768w, https:\/\/esparquet.com\/wp-content\/uploads\/2022\/10\/280183955_1226313911508336_1349154819245701256_n-1-1536x1152.jpg 1536w, https:\/\/esparquet.com\/wp-content\/uploads\/2022\/10\/280183955_1226313911508336_1349154819245701256_n-1.jpg 2048w\" sizes=\"(max-width: 1024px) 100vw, 1024px\" \/><\/a><\/figure>\n\n\n\n<figure class=\"wp-block-image size-large\"><img loading=\"lazy\" decoding=\"async\" width=\"720\" height=\"960\" data-id=\"437\" src=\"http:\/\/esparquet.com\/wp-content\/uploads\/2022\/11\/IMG_4475-1.jpg\" alt=\"\" class=\"wp-image-437\" srcset=\"https:\/\/esparquet.com\/wp-content\/uploads\/2022\/11\/IMG_4475-1.jpg 720w, https:\/\/esparquet.com\/wp-content\/uploads\/2022\/11\/IMG_4475-1-225x300.jpg 225w\" sizes=\"(max-width: 720px) 100vw, 720px\" \/><\/figure>\n\n\n\n<figure class=\"wp-block-image size-large\"><img loading=\"lazy\" decoding=\"async\" width=\"960\" height=\"720\" data-id=\"436\" src=\"http:\/\/esparquet.com\/wp-content\/uploads\/2022\/11\/IMG_4476-1.jpg\" alt=\"\" class=\"wp-image-436\" srcset=\"https:\/\/esparquet.com\/wp-content\/uploads\/2022\/11\/IMG_4476-1.jpg 960w, https:\/\/esparquet.com\/wp-content\/uploads\/2022\/11\/IMG_4476-1-300x225.jpg 300w, https:\/\/esparquet.com\/wp-content\/uploads\/2022\/11\/IMG_4476-1-768x576.jpg 768w\" sizes=\"(max-width: 960px) 100vw, 960px\" \/><\/figure>\n\n\n\n<figure class=\"wp-block-image size-large\"><img loading=\"lazy\" decoding=\"async\" width=\"768\" height=\"1024\" data-id=\"442\" src=\"http:\/\/esparquet.com\/wp-content\/uploads\/2022\/11\/IMG_5917-768x1024.jpg\" alt=\"\" class=\"wp-image-442\" srcset=\"https:\/\/esparquet.com\/wp-content\/uploads\/2022\/11\/IMG_5917-768x1024.jpg 768w, https:\/\/esparquet.com\/wp-content\/uploads\/2022\/11\/IMG_5917-225x300.jpg 225w, https:\/\/esparquet.com\/wp-content\/uploads\/2022\/11\/IMG_5917-1152x1536.jpg 1152w, https:\/\/esparquet.com\/wp-content\/uploads\/2022\/11\/IMG_5917.jpg 1536w\" sizes=\"(max-width: 768px) 100vw, 768px\" \/><\/figure>\n\n\n\n\n\n\n\n\n\n\n\n\n\n\n\n\n\n\n\n\n<\/figure>\n","protected":false},"excerpt":{"rendered":"<p>Parquet sur chant Parquet \u00e0 huiler ou \u00e0 vernir, pour les sols \u00e0 tr\u00e8s fort trafic (usage industriel, grand public ou polyvalent) Assemblage : par grille thermoplastique au contreparement (\u00e0 coller directement au support) Pose coll\u00e9e : par collage sur chape de b\u00e9ton dos\u00e9 \u00e0 350 kg\/m3 de CPA 400 (r\u00e8gles habituelles du D.T.U.). Les [&hellip;]<\/p>\n","protected":false},"author":1,"featured_media":0,"parent":0,"menu_order":0,"comment_status":"closed","ping_status":"closed","template":"page-templates\/page-full-width.php","meta":{"footnotes":""},"_links":{"self":[{"href":"https:\/\/esparquet.com\/index.php\/wp-json\/wp\/v2\/pages\/93"}],"collection":[{"href":"https:\/\/esparquet.com\/index.php\/wp-json\/wp\/v2\/pages"}],"about":[{"href":"https:\/\/esparquet.com\/index.php\/wp-json\/wp\/v2\/types\/page"}],"author":[{"embeddable":true,"href":"https:\/\/esparquet.com\/index.php\/wp-json\/wp\/v2\/users\/1"}],"replies":[{"embeddable":true,"href":"https:\/\/esparquet.com\/index.php\/wp-json\/wp\/v2\/comments?post=93"}],"version-history":[{"count":18,"href":"https:\/\/esparquet.com\/index.php\/wp-json\/wp\/v2\/pages\/93\/revisions"}],"predecessor-version":[{"id":529,"href":"https:\/\/esparquet.com\/index.php\/wp-json\/wp\/v2\/pages\/93\/revisions\/529"}],"wp:attachment":[{"href":"https:\/\/esparquet.com\/index.php\/wp-json\/wp\/v2\/media?parent=93"}],"curies":[{"name":"wp","href":"https:\/\/api.w.org\/{rel}","templated":true}]}}