{"id":236,"date":"2022-10-26T10:58:58","date_gmt":"2022-10-26T08:58:58","guid":{"rendered":"http:\/\/esparquet.com\/?page_id=236"},"modified":"2024-03-15T14:21:50","modified_gmt":"2024-03-15T13:21:50","slug":"renovation","status":"publish","type":"page","link":"https:\/\/esparquet.com\/index.php\/renovation\/","title":{"rendered":"RENOVATION"},"content":{"rendered":"\n<h2 class=\"wp-block-heading\">Pon\u00e7age<\/h2>\n\n\n\n<p>_<strong>Le pon\u00e7age&nbsp;<\/strong>: Un pon\u00e7age soign\u00e9 en plusieurs passes de papiers abrasifs avec machine \u00e0 bande, et rotative pour les bords et coins &nbsp;pour replanissage du&nbsp; parquet. Toutes les machines sont adapt\u00e9es &nbsp;de sac d\u2019aspiration afin d\u2019\u00e9viter toutes poussi\u00e8res &nbsp;Le parquet sera aspir\u00e9 \u00e0 tout moment &nbsp;et nettoy\u00e9 avant traitement de huile.<\/p>\n\n\n\n<p>_&nbsp;<strong>Le vernis<\/strong>&nbsp;: Un vernis sera appliqu\u00e9 au rouleau et lustr\u00e9 avec une mono-brosse adapt\u00e9e au parquet. Apr\u00e8s une couche un \u00e9grenage sera effectu\u00e9 afin d\u2019appliquer &nbsp;la 2\u00e8me couche<\/p>\n\n\n\n<figure class=\"wp-block-gallery has-nested-images columns-default is-cropped wp-block-gallery-1 is-layout-flex wp-block-gallery-is-layout-flex\">\n<figure class=\"wp-block-image size-large\"><a href=\"http:\/\/esparquet.com\/wp-content\/uploads\/2022\/10\/237889910_525281571915727_2822482195785288501_n.jpg\" data-rel=\"lightbox-gallery-ohebasTZ\" data-rl_title=\"\" data-rl_caption=\"\" title=\"\"><img loading=\"lazy\" decoding=\"async\" width=\"1024\" height=\"768\" data-id=\"240\" src=\"http:\/\/esparquet.com\/wp-content\/uploads\/2022\/10\/237889910_525281571915727_2822482195785288501_n-1024x768.jpg\" alt=\"\" class=\"wp-image-240\" srcset=\"https:\/\/esparquet.com\/wp-content\/uploads\/2022\/10\/237889910_525281571915727_2822482195785288501_n-1024x768.jpg 1024w, https:\/\/esparquet.com\/wp-content\/uploads\/2022\/10\/237889910_525281571915727_2822482195785288501_n-300x225.jpg 300w, https:\/\/esparquet.com\/wp-content\/uploads\/2022\/10\/237889910_525281571915727_2822482195785288501_n-768x576.jpg 768w, https:\/\/esparquet.com\/wp-content\/uploads\/2022\/10\/237889910_525281571915727_2822482195785288501_n-1536x1152.jpg 1536w, https:\/\/esparquet.com\/wp-content\/uploads\/2022\/10\/237889910_525281571915727_2822482195785288501_n.jpg 2048w\" sizes=\"(max-width: 1024px) 100vw, 1024px\" \/><\/a><\/figure>\n\n\n\n<figure class=\"wp-block-image size-large\"><a href=\"http:\/\/esparquet.com\/wp-content\/uploads\/2022\/10\/238085014_917732502175474_3123393013561884129_n.jpg\" data-rel=\"lightbox-gallery-ohebasTZ\" data-rl_title=\"\" data-rl_caption=\"\" title=\"\"><img loading=\"lazy\" decoding=\"async\" width=\"1024\" height=\"768\" data-id=\"239\" src=\"http:\/\/esparquet.com\/wp-content\/uploads\/2022\/10\/238085014_917732502175474_3123393013561884129_n-1024x768.jpg\" alt=\"\" class=\"wp-image-239\" srcset=\"https:\/\/esparquet.com\/wp-content\/uploads\/2022\/10\/238085014_917732502175474_3123393013561884129_n-1024x768.jpg 1024w, https:\/\/esparquet.com\/wp-content\/uploads\/2022\/10\/238085014_917732502175474_3123393013561884129_n-300x225.jpg 300w, https:\/\/esparquet.com\/wp-content\/uploads\/2022\/10\/238085014_917732502175474_3123393013561884129_n-768x576.jpg 768w, https:\/\/esparquet.com\/wp-content\/uploads\/2022\/10\/238085014_917732502175474_3123393013561884129_n-1536x1152.jpg 1536w, https:\/\/esparquet.com\/wp-content\/uploads\/2022\/10\/238085014_917732502175474_3123393013561884129_n.jpg 2048w\" sizes=\"(max-width: 1024px) 100vw, 1024px\" \/><\/a><\/figure>\n\n\n\n<figure class=\"wp-block-image size-large\"><a href=\"http:\/\/esparquet.com\/wp-content\/uploads\/2022\/10\/DSC02476-scaled.jpg\" data-rel=\"lightbox-gallery-ohebasTZ\" data-rl_title=\"\" data-rl_caption=\"\" title=\"\"><img loading=\"lazy\" decoding=\"async\" width=\"1024\" height=\"768\" data-id=\"238\" src=\"http:\/\/esparquet.com\/wp-content\/uploads\/2022\/10\/DSC02476-1024x768.jpg\" alt=\"\" class=\"wp-image-238\" srcset=\"https:\/\/esparquet.com\/wp-content\/uploads\/2022\/10\/DSC02476-1024x768.jpg 1024w, https:\/\/esparquet.com\/wp-content\/uploads\/2022\/10\/DSC02476-300x225.jpg 300w, https:\/\/esparquet.com\/wp-content\/uploads\/2022\/10\/DSC02476-768x576.jpg 768w, https:\/\/esparquet.com\/wp-content\/uploads\/2022\/10\/DSC02476-1536x1152.jpg 1536w, https:\/\/esparquet.com\/wp-content\/uploads\/2022\/10\/DSC02476-2048x1536.jpg 2048w\" sizes=\"(max-width: 1024px) 100vw, 1024px\" \/><\/a><\/figure>\n\n\n\n<figure class=\"wp-block-image size-large\"><a href=\"http:\/\/esparquet.com\/wp-content\/uploads\/2022\/10\/237697588_1307492886374829_7910531204252990012_n.jpg\" data-rel=\"lightbox-gallery-ohebasTZ\" data-rl_title=\"\" data-rl_caption=\"\" title=\"\"><img loading=\"lazy\" decoding=\"async\" width=\"1024\" height=\"768\" data-id=\"242\" src=\"http:\/\/esparquet.com\/wp-content\/uploads\/2022\/10\/237697588_1307492886374829_7910531204252990012_n-1024x768.jpg\" alt=\"\" class=\"wp-image-242\" srcset=\"https:\/\/esparquet.com\/wp-content\/uploads\/2022\/10\/237697588_1307492886374829_7910531204252990012_n-1024x768.jpg 1024w, https:\/\/esparquet.com\/wp-content\/uploads\/2022\/10\/237697588_1307492886374829_7910531204252990012_n-300x225.jpg 300w, https:\/\/esparquet.com\/wp-content\/uploads\/2022\/10\/237697588_1307492886374829_7910531204252990012_n-768x576.jpg 768w, https:\/\/esparquet.com\/wp-content\/uploads\/2022\/10\/237697588_1307492886374829_7910531204252990012_n-1536x1152.jpg 1536w, https:\/\/esparquet.com\/wp-content\/uploads\/2022\/10\/237697588_1307492886374829_7910531204252990012_n.jpg 2048w\" sizes=\"(max-width: 1024px) 100vw, 1024px\" \/><\/a><\/figure>\n\n\n\n<figure class=\"wp-block-image size-large\"><img loading=\"lazy\" decoding=\"async\" width=\"768\" height=\"1024\" data-id=\"482\" src=\"http:\/\/esparquet.com\/wp-content\/uploads\/2022\/11\/314720143_845390890214784_8464945437266518364_n-768x1024.jpg\" alt=\"\" class=\"wp-image-482\" srcset=\"https:\/\/esparquet.com\/wp-content\/uploads\/2022\/11\/314720143_845390890214784_8464945437266518364_n-768x1024.jpg 768w, https:\/\/esparquet.com\/wp-content\/uploads\/2022\/11\/314720143_845390890214784_8464945437266518364_n-225x300.jpg 225w, https:\/\/esparquet.com\/wp-content\/uploads\/2022\/11\/314720143_845390890214784_8464945437266518364_n-1152x1536.jpg 1152w, https:\/\/esparquet.com\/wp-content\/uploads\/2022\/11\/314720143_845390890214784_8464945437266518364_n.jpg 1536w\" sizes=\"(max-width: 768px) 100vw, 768px\" \/><\/figure>\n\n\n\n<figure class=\"wp-block-image size-large\"><img loading=\"lazy\" decoding=\"async\" width=\"768\" height=\"1024\" data-id=\"481\" src=\"http:\/\/esparquet.com\/wp-content\/uploads\/2022\/11\/315081591_685129579638719_6661549720478170803_n-768x1024.jpg\" alt=\"\" class=\"wp-image-481\" srcset=\"https:\/\/esparquet.com\/wp-content\/uploads\/2022\/11\/315081591_685129579638719_6661549720478170803_n-768x1024.jpg 768w, https:\/\/esparquet.com\/wp-content\/uploads\/2022\/11\/315081591_685129579638719_6661549720478170803_n-225x300.jpg 225w, https:\/\/esparquet.com\/wp-content\/uploads\/2022\/11\/315081591_685129579638719_6661549720478170803_n-1152x1536.jpg 1152w, https:\/\/esparquet.com\/wp-content\/uploads\/2022\/11\/315081591_685129579638719_6661549720478170803_n.jpg 1536w\" sizes=\"(max-width: 768px) 100vw, 768px\" \/><\/figure>\n<\/figure>\n","protected":false},"excerpt":{"rendered":"<p>Pon\u00e7age _Le pon\u00e7age&nbsp;: Un pon\u00e7age soign\u00e9 en plusieurs passes de papiers abrasifs avec machine \u00e0 bande, et rotative pour les bords et coins &nbsp;pour replanissage du&nbsp; parquet. Toutes les machines sont adapt\u00e9es &nbsp;de sac d\u2019aspiration afin d\u2019\u00e9viter toutes poussi\u00e8res &nbsp;Le parquet sera aspir\u00e9 \u00e0 tout moment &nbsp;et nettoy\u00e9 avant traitement de huile. _&nbsp;Le vernis&nbsp;: Un [&hellip;]<\/p>\n","protected":false},"author":1,"featured_media":0,"parent":0,"menu_order":0,"comment_status":"closed","ping_status":"closed","template":"page-templates\/page-full-width.php","meta":{"footnotes":""},"_links":{"self":[{"href":"https:\/\/esparquet.com\/index.php\/wp-json\/wp\/v2\/pages\/236"}],"collection":[{"href":"https:\/\/esparquet.com\/index.php\/wp-json\/wp\/v2\/pages"}],"about":[{"href":"https:\/\/esparquet.com\/index.php\/wp-json\/wp\/v2\/types\/page"}],"author":[{"embeddable":true,"href":"https:\/\/esparquet.com\/index.php\/wp-json\/wp\/v2\/users\/1"}],"replies":[{"embeddable":true,"href":"https:\/\/esparquet.com\/index.php\/wp-json\/wp\/v2\/comments?post=236"}],"version-history":[{"count":5,"href":"https:\/\/esparquet.com\/index.php\/wp-json\/wp\/v2\/pages\/236\/revisions"}],"predecessor-version":[{"id":517,"href":"https:\/\/esparquet.com\/index.php\/wp-json\/wp\/v2\/pages\/236\/revisions\/517"}],"wp:attachment":[{"href":"https:\/\/esparquet.com\/index.php\/wp-json\/wp\/v2\/media?parent=236"}],"curies":[{"name":"wp","href":"https:\/\/api.w.org\/{rel}","templated":true}]}}