{"id":14,"date":"2022-10-03T15:38:39","date_gmt":"2022-10-03T13:38:39","guid":{"rendered":"http:\/\/esparquet.com\/?page_id=14"},"modified":"2022-10-27T17:24:08","modified_gmt":"2022-10-27T15:24:08","slug":"accueil","status":"publish","type":"page","link":"https:\/\/esparquet.com\/","title":{"rendered":"ACCUEIL"},"content":{"rendered":"<div id=\"pl-gb14-69f5aa197563c\"  class=\"panel-layout\" ><div id=\"pg-gb14-69f5aa197563c-0\"  class=\"panel-grid panel-no-style\" ><div id=\"pgc-gb14-69f5aa197563c-0-0\"  class=\"panel-grid-cell\" ><div id=\"panel-gb14-69f5aa197563c-0-0-0\" class=\"so-panel widget widget_sow-headline panel-first-child widgetopts-SO\" data-index=\"0\" ><div\n\t\t\t\n\t\t\tclass=\"so-widget-sow-headline so-widget-sow-headline-default-6bddf0b6654b-14\"\n\t\t\t\n\t\t><div class=\"sow-headline-container \">\n\t<h1 class='sow-headline'>Bienvenue sur le nouveau Site de ES Parquet.<\/h1>\t\t\t\t\t<div class=\"decoration\">\n\t\t\t\t\t\t<div class=\"decoration-inside\"><\/div>\n\t\t\t\t\t<\/div>\n\t\t\t\t\t<h3 class='sow-sub-headline'>Nous suivre sur les r\u00e9seaux<\/h3><\/div><\/div><\/div><div id=\"panel-gb14-69f5aa197563c-0-0-1\" class=\"so-panel widget widget_sow-social-media-buttons panel-last-child widgetopts-SO\" data-index=\"1\" ><div\n\t\t\t\n\t\t\tclass=\"so-widget-sow-social-media-buttons so-widget-sow-social-media-buttons-atom-cd6738272b4f-14\"\n\t\t\t\n\t\t>\n\n<div class=\"social-media-button-container\">\n\t\n\t\t<a class=\"ow-button-hover sow-social-media-button-facebook-0 sow-social-media-button\" title=\"ES Parquet sur Facebook\" aria-label=\"ES Parquet sur Facebook\" target=\"_blank\" rel=\"noopener noreferrer\" href=\"https:\/\/www.facebook.com\/profile.php?id=100007526026091\" >\n\t\t\t<span>\n\t\t\t\t\t\t\t\t<span class=\"sow-icon-fontawesome sow-fab\" data-sow-icon=\"&#xf39e;\"\n\t\t \n\t\taria-hidden=\"true\"><\/span>\t\t\t\t\t\t\t<\/span>\n\t\t<\/a>\n\t<\/div>\n<\/div><\/div><\/div><\/div><div id=\"pg-gb14-69f5aa197563c-1\"  class=\"panel-grid panel-has-style\" ><div class=\"siteorigin-panels-stretch panel-row-style panel-row-style-for-gb14-69f5aa197563c-1\" data-stretch-type=\"full-stretched\" ><div id=\"pgc-gb14-69f5aa197563c-1-0\"  class=\"panel-grid-cell\" ><div id=\"panel-gb14-69f5aa197563c-1-0-0\" class=\"so-panel widget widget_sow-icon panel-first-child widgetopts-SO\" data-index=\"2\" ><div\n\t\t\t\n\t\t\tclass=\"so-widget-sow-icon so-widget-sow-icon-default-3438845f893a-14\"\n\t\t\t\n\t\t>\n<div class=\"sow-icon-container sow-icon\">\n\t\t\t<span class=\"sow-icon-ionicons\" data-sow-icon=\"&#xf229;\"\n\t\t \n\t\taria-hidden=\"true\"><\/span>\t<\/div>\n<\/div><\/div><div id=\"panel-gb14-69f5aa197563c-1-0-1\" class=\"so-panel widget widget_sow-headline widgetopts-SO\" data-index=\"3\" ><div\n\t\t\t\n\t\t\tclass=\"so-widget-sow-headline so-widget-sow-headline-default-15fe8ec94c69-14\"\n\t\t\t\n\t\t><div class=\"sow-headline-container \">\n\t<h1 class='sow-headline'>PARQUET COLLE<\/h1>\t\t\t\t\t<div class=\"decoration\">\n\t\t\t\t\t\t<div class=\"decoration-inside\"><\/div>\n\t\t\t\t\t<\/div>\n\t\t\t\t\t<h4 class='sow-sub-headline'>habitation, commerce, bureau &#8230;<\/h4><\/div><\/div><\/div><div id=\"panel-gb14-69f5aa197563c-1-0-2\" class=\"so-panel widget widget_sow-button panel-last-child widgetopts-SO\" data-index=\"4\" ><div\n\t\t\t\n\t\t\tclass=\"so-widget-sow-button so-widget-sow-button-flat-638fae06c8e8-14\"\n\t\t\t\n\t\t><div class=\"ow-button-base ow-button-align-center\">\n\t<a href=\"http:\/\/esparquet.com\/index.php\/commerce\/\" class=\"ow-icon-placement-left ow-button-hover\" \t\t>\n\t\t<span>\n\t\t\t\n\t\t\tEn savoir plus.\t\t<\/span>\n\t<\/a>\n<\/div>\n<\/div><\/div><\/div><div id=\"pgc-gb14-69f5aa197563c-1-1\"  class=\"panel-grid-cell\" ><div id=\"panel-gb14-69f5aa197563c-1-1-0\" class=\"so-panel widget widget_sow-icon panel-first-child widgetopts-SO\" data-index=\"5\" ><div\n\t\t\t\n\t\t\tclass=\"so-widget-sow-icon so-widget-sow-icon-default-3438845f893a-14\"\n\t\t\t\n\t\t>\n<div class=\"sow-icon-container sow-icon\">\n\t\t\t<span class=\"sow-icon-ionicons\" data-sow-icon=\"&#xf27b;\"\n\t\t \n\t\taria-hidden=\"true\"><\/span>\t<\/div>\n<\/div><\/div><div id=\"panel-gb14-69f5aa197563c-1-1-1\" class=\"so-panel widget widget_sow-headline widgetopts-SO\" data-index=\"6\" ><div\n\t\t\t\n\t\t\tclass=\"so-widget-sow-headline so-widget-sow-headline-default-15fe8ec94c69-14\"\n\t\t\t\n\t\t><div class=\"sow-headline-container \">\n\t<h1 class='sow-headline'>RENOVATION<\/h1>\t\t\t\t\t<div class=\"decoration\">\n\t\t\t\t\t\t<div class=\"decoration-inside\"><\/div>\n\t\t\t\t\t<\/div>\n\t\t\t\t\t<h4 class='sow-sub-headline'>parquets anciens \u00e0 r\u00e9parer.<\/h4><\/div><\/div><\/div><div id=\"panel-gb14-69f5aa197563c-1-1-2\" class=\"so-panel widget widget_sow-button panel-last-child widgetopts-SO\" data-index=\"7\" ><div\n\t\t\t\n\t\t\tclass=\"so-widget-sow-button so-widget-sow-button-flat-d94d9e45f1c0-14\"\n\t\t\t\n\t\t><div class=\"ow-button-base ow-button-align-center\">\n\t<a href=\"http:\/\/esparquet.com\/index.php\/renovation\/\" class=\"ow-icon-placement-left ow-button-hover\" \t\t>\n\t\t<span>\n\t\t\t\n\t\t\tEn savoir plus.\t\t<\/span>\n\t<\/a>\n<\/div>\n<\/div><\/div><\/div><div id=\"pgc-gb14-69f5aa197563c-1-2\"  class=\"panel-grid-cell\" ><div id=\"panel-gb14-69f5aa197563c-1-2-0\" class=\"so-panel widget widget_sow-icon panel-first-child widgetopts-SO\" data-index=\"8\" ><div\n\t\t\t\n\t\t\tclass=\"so-widget-sow-icon so-widget-sow-icon-default-3438845f893a-14\"\n\t\t\t\n\t\t>\n<div class=\"sow-icon-container sow-icon\">\n\t\t\t<span class=\"sow-icon-ionicons\" data-sow-icon=\"&#xf3bb;\"\n\t\t \n\t\taria-hidden=\"true\"><\/span>\t<\/div>\n<\/div><\/div><div id=\"panel-gb14-69f5aa197563c-1-2-1\" class=\"so-panel widget widget_sow-headline widgetopts-SO\" data-index=\"9\" ><div\n\t\t\t\n\t\t\tclass=\"so-widget-sow-headline so-widget-sow-headline-default-15fe8ec94c69-14\"\n\t\t\t\n\t\t><div class=\"sow-headline-container \">\n\t<h1 class='sow-headline'>PARQUET SUR CHANT<\/h1>\t\t\t\t\t<div class=\"decoration\">\n\t\t\t\t\t\t<div class=\"decoration-inside\"><\/div>\n\t\t\t\t\t<\/div>\n\t\t\t\t\t<h4 class='sow-sub-headline'>\u00e9cole, collectivit\u00e9, salle des f\u00eates &#8230;<\/h4><\/div><\/div><\/div><div id=\"panel-gb14-69f5aa197563c-1-2-2\" class=\"so-panel widget widget_sow-button panel-last-child widgetopts-SO\" data-index=\"10\" ><div\n\t\t\t\n\t\t\tclass=\"so-widget-sow-button so-widget-sow-button-flat-d94d9e45f1c0-14\"\n\t\t\t\n\t\t><div class=\"ow-button-base ow-button-align-center\">\n\t<a href=\"http:\/\/esparquet.com\/index.php\/grand-public\/\" class=\"ow-icon-placement-left ow-button-hover\" \t\t>\n\t\t<span>\n\t\t\t\n\t\t\tEn savoir plus.\t\t<\/span>\n\t<\/a>\n<\/div>\n<\/div><\/div><\/div><div id=\"pgc-gb14-69f5aa197563c-1-3\"  class=\"panel-grid-cell\" ><div id=\"panel-gb14-69f5aa197563c-1-3-0\" class=\"so-panel widget widget_sow-icon panel-first-child widgetopts-SO\" data-index=\"11\" ><div\n\t\t\t\n\t\t\tclass=\"so-widget-sow-icon so-widget-sow-icon-default-3438845f893a-14\"\n\t\t\t\n\t\t>\n<div class=\"sow-icon-container sow-icon\">\n\t\t\t<span class=\"sow-icon-ionicons\" data-sow-icon=\"&#xf447;\"\n\t\t \n\t\taria-hidden=\"true\"><\/span>\t<\/div>\n<\/div><\/div><div id=\"panel-gb14-69f5aa197563c-1-3-1\" class=\"so-panel widget widget_sow-headline widgetopts-SO\" data-index=\"12\" ><div\n\t\t\t\n\t\t\tclass=\"so-widget-sow-headline so-widget-sow-headline-default-15fe8ec94c69-14\"\n\t\t\t\n\t\t><div class=\"sow-headline-container \">\n\t<h1 class='sow-headline'>TERRASSE<\/h1>\t\t\t\t\t<div class=\"decoration\">\n\t\t\t\t\t\t<div class=\"decoration-inside\"><\/div>\n\t\t\t\t\t<\/div>\n\t\t\t\t\t<h4 class='sow-sub-headline'>ext\u00e9rieurs, balcon, piscine &#8230;<\/h4><\/div><\/div><\/div><div id=\"panel-gb14-69f5aa197563c-1-3-2\" class=\"so-panel widget widget_sow-button panel-last-child widgetopts-SO\" data-index=\"13\" ><div\n\t\t\t\n\t\t\tclass=\"so-widget-sow-button so-widget-sow-button-flat-638fae06c8e8-14\"\n\t\t\t\n\t\t><div class=\"ow-button-base ow-button-align-center\">\n\t<a href=\"http:\/\/esparquet.com\/index.php\/exterieurs\/\" class=\"ow-icon-placement-left ow-button-hover\" \t\t>\n\t\t<span>\n\t\t\t\n\t\t\tEn savoir plus.\t\t<\/span>\n\t<\/a>\n<\/div>\n<\/div><\/div><\/div><\/div><\/div><div id=\"pg-gb14-69f5aa197563c-2\"  class=\"panel-grid panel-no-style\" ><div id=\"pgc-gb14-69f5aa197563c-2-0\"  class=\"panel-grid-cell\" ><div id=\"panel-gb14-69f5aa197563c-2-0-0\" class=\"so-panel widget widget_media_image panel-first-child panel-last-child widgetopts-SO\" data-index=\"14\" ><img loading=\"lazy\" decoding=\"async\" width=\"2560\" height=\"1972\" src=\"https:\/\/esparquet.com\/wp-content\/uploads\/2022\/10\/salle-de-sport-2-scaled.jpg\" class=\"image wp-image-271  attachment-full size-full\" alt=\"\" style=\"max-width: 100%; height: auto;\" srcset=\"https:\/\/esparquet.com\/wp-content\/uploads\/2022\/10\/salle-de-sport-2-scaled.jpg 2560w, https:\/\/esparquet.com\/wp-content\/uploads\/2022\/10\/salle-de-sport-2-300x231.jpg 300w, https:\/\/esparquet.com\/wp-content\/uploads\/2022\/10\/salle-de-sport-2-1024x789.jpg 1024w, https:\/\/esparquet.com\/wp-content\/uploads\/2022\/10\/salle-de-sport-2-768x591.jpg 768w, https:\/\/esparquet.com\/wp-content\/uploads\/2022\/10\/salle-de-sport-2-1536x1183.jpg 1536w, https:\/\/esparquet.com\/wp-content\/uploads\/2022\/10\/salle-de-sport-2-2048x1577.jpg 2048w\" sizes=\"(max-width: 2560px) 100vw, 2560px\" \/><\/div><\/div><div id=\"pgc-gb14-69f5aa197563c-2-1\"  class=\"panel-grid-cell\" ><div id=\"panel-gb14-69f5aa197563c-2-1-0\" class=\"so-panel widget widget_sow-headline panel-first-child widgetopts-SO\" data-index=\"15\" ><div\n\t\t\t\n\t\t\tclass=\"so-widget-sow-headline so-widget-sow-headline-default-5756da4e8a17-14\"\n\t\t\t\n\t\t><div class=\"sow-headline-container \">\n\t<h1 class='sow-headline'>EXPERT <br \/> EN SOL SPORTIF.<\/h1>\t\t\t\t\t<div class=\"decoration\">\n\t\t\t\t\t\t<div class=\"decoration-inside\"><\/div>\n\t\t\t\t\t<\/div>\n\t\t\t\t\t<h3 class='sow-sub-headline'>Du parquet pour des salles de sports soumises \u00e0 toutes \u00e9preuves : omnisports, basquet, hand ball, judo, badminton, squatch &#8230;<\/h3><\/div><\/div><\/div><div id=\"panel-gb14-69f5aa197563c-2-1-1\" class=\"so-panel widget widget_sow-button panel-last-child widgetopts-SO\" data-index=\"16\" ><div\n\t\t\t\n\t\t\tclass=\"so-widget-sow-button so-widget-sow-button-flat-04aca6ed2ac0-14\"\n\t\t\t\n\t\t><div class=\"ow-button-base ow-button-align-left\">\n\t<a href=\"http:\/\/esparquet.com\/index.php\/sols-sportif\/\" class=\"ow-icon-placement-left ow-button-hover\" \t\t>\n\t\t<span>\n\t\t\t\n\t\t\tEn savoir plus.\t\t<\/span>\n\t<\/a>\n<\/div>\n<\/div><\/div><\/div><\/div><div id=\"pg-gb14-69f5aa197563c-3\"  class=\"panel-grid panel-no-style\" ><div id=\"pgc-gb14-69f5aa197563c-3-0\"  class=\"panel-grid-cell\" ><div id=\"panel-gb14-69f5aa197563c-3-0-0\" class=\"so-panel widget widget_sow-headline panel-first-child widgetopts-SO\" data-index=\"17\" ><div\n\t\t\t\n\t\t\tclass=\"so-widget-sow-headline so-widget-sow-headline-default-4662aa9a3fac-14\"\n\t\t\t\n\t\t><div class=\"sow-headline-container \">\n\t<h1 class='sow-headline'>ACCUEILLIR <br \/> DU PUBLIC.<\/h1>\t\t\t\t\t<div class=\"decoration\">\n\t\t\t\t\t\t<div class=\"decoration-inside\"><\/div>\n\t\t\t\t\t<\/div>\n\t\t\t\t\t<h3 class='sow-sub-headline'>Du parquet soumis au passage des foules et qui r\u00e9sistera \u00e0 travers le temps : administration, \u00e9cole, si\u00e8ge d&rsquo;entreprise, collectivit\u00e9, biblioth\u00e8que, universit\u00e9, th\u00e9\u00e2tre &#8230;<\/h3><\/div><\/div><\/div><div id=\"panel-gb14-69f5aa197563c-3-0-1\" class=\"so-panel widget widget_sow-button panel-last-child widgetopts-SO\" data-index=\"18\" ><div\n\t\t\t\n\t\t\tclass=\"so-widget-sow-button so-widget-sow-button-flat-fe1f549fe9e8-14\"\n\t\t\t\n\t\t><div class=\"ow-button-base ow-button-align-right\">\n\t<a href=\"http:\/\/esparquet.com\/index.php\/grand-public\/\" class=\"ow-icon-placement-left ow-button-hover\" \t\t>\n\t\t<span>\n\t\t\t\n\t\t\tEn savoir plus.\t\t<\/span>\n\t<\/a>\n<\/div>\n<\/div><\/div><\/div><div id=\"pgc-gb14-69f5aa197563c-3-1\"  class=\"panel-grid-cell\" ><div id=\"panel-gb14-69f5aa197563c-3-1-0\" class=\"so-panel widget widget_media_image panel-first-child panel-last-child widgetopts-SO\" data-index=\"19\" ><img loading=\"lazy\" decoding=\"async\" width=\"1920\" height=\"1598\" src=\"https:\/\/esparquet.com\/wp-content\/uploads\/2022\/10\/parquet-sur-chant-2.jpg\" class=\"image wp-image-321  attachment-full size-full\" alt=\"\" style=\"max-width: 100%; height: auto;\" srcset=\"https:\/\/esparquet.com\/wp-content\/uploads\/2022\/10\/parquet-sur-chant-2.jpg 1920w, https:\/\/esparquet.com\/wp-content\/uploads\/2022\/10\/parquet-sur-chant-2-300x250.jpg 300w, https:\/\/esparquet.com\/wp-content\/uploads\/2022\/10\/parquet-sur-chant-2-1024x852.jpg 1024w, https:\/\/esparquet.com\/wp-content\/uploads\/2022\/10\/parquet-sur-chant-2-768x639.jpg 768w, https:\/\/esparquet.com\/wp-content\/uploads\/2022\/10\/parquet-sur-chant-2-1536x1278.jpg 1536w\" sizes=\"(max-width: 1920px) 100vw, 1920px\" \/><\/div><\/div><\/div><div id=\"pg-gb14-69f5aa197563c-4\"  class=\"panel-grid panel-has-style\" ><div class=\"siteorigin-panels-stretch panel-row-style panel-row-style-for-gb14-69f5aa197563c-4\" data-stretch-type=\"full-stretched\" ><div id=\"pgc-gb14-69f5aa197563c-4-0\"  class=\"panel-grid-cell\" ><div id=\"panel-gb14-69f5aa197563c-4-0-0\" class=\"so-panel widget widget_sow-hero panel-first-child panel-last-child widgetopts-SO\" data-index=\"20\" ><div\n\t\t\t\n\t\t\tclass=\"so-widget-sow-hero so-widget-sow-hero-default-c81792858999-14 so-widget-fittext-wrapper\"\n\t\t\t data-fit-text-compressor=\"0.85\"\n\t\t><div class=\"sow-slider-base\" style=\"display: none\"><ul\n\t\t\t\t\tclass=\"sow-slider-images\"\n\t\t\t\t\tdata-settings=\"{&quot;pagination&quot;:true,&quot;speed&quot;:800,&quot;timeout&quot;:8000,&quot;paused&quot;:false,&quot;pause_on_hover&quot;:false,&quot;swipe&quot;:true,&quot;nav_always_show_desktop&quot;:&quot;&quot;,&quot;nav_always_show_mobile&quot;:&quot;&quot;,&quot;breakpoint&quot;:&quot;780px&quot;,&quot;unmute&quot;:false,&quot;anchor&quot;:null}\"\n\t\t\t\t\t\t\t\t\t\tdata-anchor-id=\"\"\n\t\t\t\t>\t\t<li class=\"sow-slider-image  sow-slider-image-cover\" style=\"background-color: #333333;background-image: url(https:\/\/esparquet.com\/wp-content\/uploads\/2022\/10\/REAL-01.jpg)\" >\n\t\t\t\t\t<div class=\"sow-slider-image-container\">\n\t\t\t<div class=\"sow-slider-image-wrapper\">\n\t\t\t\t<h1><\/h1>\n<h1><\/h1>\n<p>&nbsp;<\/p>\n<h1 style=\"text-align: center\"><em>\u00a0des parquets adapt\u00e9s \u00e0 toutes activit\u00e9s<\/em><\/h1>\n<h5 style=\"text-align: center\">r\u00e9alisations ES Parquet<\/h5>\n<div class=\"sow-hero-buttons\" style=\"text-align: center\"><div\n\t\t\t\n\t\t\tclass=\"so-widget-sow-button so-widget-sow-button-flat-f76844c3636b\"\n\t\t\t\n\t\t><div class=\"ow-button-base ow-button-align-center\">\n\t<a href=\"http:\/\/esparquet.com\/index.php\/show-room\/\" class=\"ow-icon-placement-left ow-button-hover\" \t\t>\n\t\t<span>\n\t\t\t\n\t\t\tD\u00e9couvrez notre show-room.\t\t<\/span>\n\t<\/a>\n<\/div>\n<\/div><\/div>\n<p>&nbsp;<\/p>\n<p>&nbsp;<\/p>\n\t\t\t<\/div>\n\t\t<\/div>\n\t\t\t\t<\/li>\n\t\t\t\t<li class=\"sow-slider-image  sow-slider-image-cover\" style=\"background-color: #333333;background-image: url(https:\/\/esparquet.com\/wp-content\/uploads\/2022\/10\/REAL-3-rotated.jpg)\" >\n\t\t\t\t\t<div class=\"sow-slider-image-container\">\n\t\t\t<div class=\"sow-slider-image-wrapper\">\n\t\t\t\t<h1><\/h1>\n<p>&nbsp;<\/p>\n<h1><\/h1>\n<h1 style=\"text-align: center\"><em>\u00a0des parquets adapt\u00e9s \u00e0 toutes activit\u00e9s<\/em><\/h1>\n<h5 style=\"text-align: center\">r\u00e9alisations ES Parquet<\/h5>\n<div class=\"sow-hero-buttons\" style=\"text-align: center\"><div\n\t\t\t\n\t\t\tclass=\"so-widget-sow-button so-widget-sow-button-flat-f76844c3636b\"\n\t\t\t\n\t\t><div class=\"ow-button-base ow-button-align-center\">\n\t<a href=\"http:\/\/esparquet.com\/index.php\/show-room\/\" class=\"ow-icon-placement-left ow-button-hover\" \t\t>\n\t\t<span>\n\t\t\t\n\t\t\tD\u00e9couvrez notre show-room.\t\t<\/span>\n\t<\/a>\n<\/div>\n<\/div><\/div>\n<p>&nbsp;<\/p>\n<p>&nbsp;<\/p>\n\t\t\t<\/div>\n\t\t<\/div>\n\t\t\t\t<\/li>\n\t\t\t\t<li class=\"sow-slider-image  sow-slider-image-cover\" style=\"background-color: #333333;background-image: url(https:\/\/esparquet.com\/wp-content\/uploads\/2022\/10\/REAL-02-rotated.jpg)\" >\n\t\t\t\t\t<div class=\"sow-slider-image-container\">\n\t\t\t<div class=\"sow-slider-image-wrapper\">\n\t\t\t\t<h1><\/h1>\n<p>&nbsp;<\/p>\n<h1><\/h1>\n<h1 style=\"text-align: center\"><em>\u00a0des parquets adapt\u00e9s \u00e0 toutes activit\u00e9s<\/em><\/h1>\n<h5 style=\"text-align: center\">r\u00e9alisations ES Parquet<\/h5>\n<div class=\"sow-hero-buttons\" style=\"text-align: center\"><div\n\t\t\t\n\t\t\tclass=\"so-widget-sow-button so-widget-sow-button-flat-f76844c3636b\"\n\t\t\t\n\t\t><div class=\"ow-button-base ow-button-align-center\">\n\t<a href=\"http:\/\/esparquet.com\/index.php\/show-room\/\" class=\"ow-icon-placement-left ow-button-hover\" \t\t>\n\t\t<span>\n\t\t\t\n\t\t\tD\u00e9couvrez notre show-room.\t\t<\/span>\n\t<\/a>\n<\/div>\n<\/div><\/div>\n<p>&nbsp;<\/p>\n<p>&nbsp;<\/p>\n\t\t\t<\/div>\n\t\t<\/div>\n\t\t\t\t<\/li>\n\t\t\t\t<li class=\"sow-slider-image  sow-slider-image-cover\" style=\"background-color: #333333;background-image: url(https:\/\/esparquet.com\/wp-content\/uploads\/2022\/10\/REAL-4.jpg)\" >\n\t\t\t\t\t<div class=\"sow-slider-image-container\">\n\t\t\t<div class=\"sow-slider-image-wrapper\">\n\t\t\t\t<h1><\/h1>\n<h1><\/h1>\n<p>&nbsp;<\/p>\n<h1 style=\"text-align: center\"><em>\u00a0des parquets adapt\u00e9s \u00e0 toutes activit\u00e9s<\/em><\/h1>\n<h5 style=\"text-align: center\">r\u00e9alisations ES Parquet<\/h5>\n<div class=\"sow-hero-buttons\" style=\"text-align: center\"><div\n\t\t\t\n\t\t\tclass=\"so-widget-sow-button so-widget-sow-button-flat-f76844c3636b\"\n\t\t\t\n\t\t><div class=\"ow-button-base ow-button-align-center\">\n\t<a href=\"http:\/\/esparquet.com\/index.php\/show-room\/\" class=\"ow-icon-placement-left ow-button-hover\" \t\t>\n\t\t<span>\n\t\t\t\n\t\t\tD\u00e9couvrez notre show-room.\t\t<\/span>\n\t<\/a>\n<\/div>\n<\/div><\/div>\n<p>&nbsp;<\/p>\n<p>&nbsp;<\/p>\n\t\t\t<\/div>\n\t\t<\/div>\n\t\t\t\t<\/li>\n\t\t<\/ul>\t\t\t\t<ol class=\"sow-slider-pagination\">\n\t\t\t\t\t\t\t\t\t\t\t<li><a href=\"#\" data-goto=\"0\" aria-label=\"afficher la diapositive 1\"><\/a><\/li>\n\t\t\t\t\t\t\t\t\t\t\t<li><a href=\"#\" data-goto=\"1\" aria-label=\"afficher la diapositive 2\"><\/a><\/li>\n\t\t\t\t\t\t\t\t\t\t\t<li><a href=\"#\" data-goto=\"2\" aria-label=\"afficher la diapositive 3\"><\/a><\/li>\n\t\t\t\t\t\t\t\t\t\t\t<li><a href=\"#\" data-goto=\"3\" aria-label=\"afficher la diapositive 4\"><\/a><\/li>\n\t\t\t\t\t\t\t\t\t<\/ol>\n\n\t\t\t\t<div class=\"sow-slide-nav sow-slide-nav-next\">\n\t\t\t\t\t<a href=\"#\" data-goto=\"next\" aria-label=\"diapositive suivante\" data-action=\"next\">\n\t\t\t\t\t\t<em class=\"sow-sld-icon-thin-right\"><\/em>\n\t\t\t\t\t<\/a>\n\t\t\t\t<\/div>\n\n\t\t\t\t<div class=\"sow-slide-nav sow-slide-nav-prev\">\n\t\t\t\t\t<a href=\"#\" data-goto=\"previous\" aria-label=\"diapositive pr\u00e9c\u00e9dente\" data-action=\"prev\">\n\t\t\t\t\t\t<em class=\"sow-sld-icon-thin-left\"><\/em>\n\t\t\t\t\t<\/a>\n\t\t\t\t<\/div>\n\t\t\t\t<\/div><\/div><\/div><\/div><\/div><\/div><div id=\"pg-gb14-69f5aa197563c-5\"  class=\"panel-grid panel-no-style\" ><div id=\"pgc-gb14-69f5aa197563c-5-0\"  class=\"panel-grid-cell\" ><div id=\"panel-gb14-69f5aa197563c-5-0-0\" class=\"so-panel widget widget_sow-headline panel-first-child panel-last-child widgetopts-SO\" data-index=\"21\" ><div\n\t\t\t\n\t\t\tclass=\"so-widget-sow-headline so-widget-sow-headline-default-ad96ccee4022-14\"\n\t\t\t\n\t\t><div class=\"sow-headline-container \">\n\t<h1 class='sow-headline'>DEMANDE D&rsquo;INFORMATIONS<\/h1><h3 class='sow-sub-headline'>Vous souhaitez avoir des renseignements compl\u00e9mentaires, utilisez ce formulaire de contact.<\/h3>\t\t\t\t\t<div class=\"decoration\">\n\t\t\t\t\t\t<div class=\"decoration-inside\"><\/div>\n\t\t\t\t\t<\/div>\n\t\t\t\t\t<\/div><\/div><\/div><\/div><\/div><div id=\"pg-gb14-69f5aa197563c-6\"  class=\"panel-grid panel-no-style\" ><div id=\"pgc-gb14-69f5aa197563c-6-0\"  class=\"panel-grid-cell\" ><div id=\"panel-gb14-69f5aa197563c-6-0-0\" class=\"so-panel widget widget_sow-contact-form panel-first-child panel-last-child widgetopts-SO\" data-index=\"22\" ><div\n\t\t\t\n\t\t\tclass=\"so-widget-sow-contact-form so-widget-sow-contact-form-default-51739e81be19-14\"\n\t\t\t\n\t\t>\t<form action=\"#contact-form-24ab\"\n\t\tmethod=\"POST\" class=\"sow-contact-form\" id=\"contact-form-24ab\">\n\n\t\t\n\t\t            <div class=\"sow-form-field sow-form-field-name\"><label class=\"sow-form-field-label-above\" for=\"sow-contact-form-field-votre-nom-2114562865633aecba55d4c335567408\">\n\t\t\t\t<strong>\n\t\t\t\t\tVotre nom\t\t\t\t\t\t\t\t\t<\/strong>\n\t\t\t<\/label>\n\t\t\t<span class=\"sow-field-container\">\t\t<input\n\t\t\ttype=\"text\"\n\t\t\tname=\"votre-nom-2114562865633aecba55d4c335567408\"\n\t\t\tid=\"sow-contact-form-field-votre-nom-2114562865633aecba55d4c335567408\"\n\t\t\tvalue=\"\"\n\t\t\tclass=\"sow-text-field\"\n\t\t\t\t\t\/>\n\t\t<\/span><\/div>            <div class=\"sow-form-field sow-form-field-email\"><label class=\"sow-form-field-label-above\" for=\"sow-contact-form-field-votre-adresse-de-messagerie-2114562865633aecba55d4c335567408\">\n\t\t\t\t<strong>\n\t\t\t\t\tVotre adresse de messagerie\t\t\t\t\t\t\t\t\t<\/strong>\n\t\t\t<\/label>\n\t\t\t<span class=\"sow-field-container\">\t\t<input\n\t\t\ttype=\"email\"\n\t\t\tname=\"votre-adresse-de-messagerie-2114562865633aecba55d4c335567408\"\n\t\t\tid=\"sow-contact-form-field-votre-adresse-de-messagerie-2114562865633aecba55d4c335567408\"\n\t\t\tvalue=\"\"\n\t\t\tclass=\"sow-text-field\"\t\t\t\t\t\/>\n\t\t<\/span><\/div>            <div class=\"sow-form-field sow-form-field-subject\"><label class=\"sow-form-field-label-above\" for=\"sow-contact-form-field-sujet-2114562865633aecba55d4c335567408\">\n\t\t\t\t<strong>\n\t\t\t\t\tSujet\t\t\t\t\t\t\t\t\t<\/strong>\n\t\t\t<\/label>\n\t\t\t<span class=\"sow-field-container\">\t\t<input\n\t\t\ttype=\"text\"\n\t\t\tname=\"sujet-2114562865633aecba55d4c335567408\"\n\t\t\tid=\"sow-contact-form-field-sujet-2114562865633aecba55d4c335567408\"\n\t\t\tvalue=\"\"\n\t\t\tclass=\"sow-text-field\"\n\t\t\t\t\t\t\t\t\/>\n\t\t<\/span><\/div>            <div class=\"sow-form-field sow-form-field-textarea\"><label class=\"sow-form-field-label-above\" for=\"sow-contact-form-field-message-2114562865633aecba55d4c335567408\">\n\t\t\t\t<strong>\n\t\t\t\t\tMessage\t\t\t\t\t\t\t\t\t<\/strong>\n\t\t\t<\/label>\n\t\t\t<span class=\"sow-field-container\">\t\t<textarea\n\t\t\tname=\"message-2114562865633aecba55d4c335567408\"\n\t\t\tid=\"sow-contact-form-field-message-2114562865633aecba55d4c335567408\"\n\t\t\trows=\"10\"\n\t\t\t\t\t\t\t\t><\/textarea>\n\t\t<\/span><\/div>\t\t\n\t\t\n\t\t\n\t\t<input type=\"hidden\" name=\"instance_hash\" value=\"24ab6a8d85bfdef9d91b0cd1a47c208d\" \/>\n\t\t<input type=\"hidden\" id=\"_wpnonce\" name=\"_wpnonce\" value=\"ccca4e51e4\" \/><input type=\"hidden\" name=\"_wp_http_referer\" value=\"\/index.php\/wp-json\/wp\/v2\/pages\/14\" \/>\t\t<div class=\"sow-submit-wrapper sow-submit-styled\">\n\n\t\t<button class=\"sow-submit\"\n\t\t\t\t\t\t\t\t>\n\t\t\tContactez-nous\t\t<\/button>\n\n\t\t<\/div>\n\t<\/form>\n\t<\/div><\/div><\/div><\/div><\/div>","protected":false},"excerpt":{"rendered":"","protected":false},"author":1,"featured_media":0,"parent":0,"menu_order":0,"comment_status":"closed","ping_status":"closed","template":"page-templates\/page-full-width.php","meta":{"footnotes":""},"_links":{"self":[{"href":"https:\/\/esparquet.com\/index.php\/wp-json\/wp\/v2\/pages\/14"}],"collection":[{"href":"https:\/\/esparquet.com\/index.php\/wp-json\/wp\/v2\/pages"}],"about":[{"href":"https:\/\/esparquet.com\/index.php\/wp-json\/wp\/v2\/types\/page"}],"author":[{"embeddable":true,"href":"https:\/\/esparquet.com\/index.php\/wp-json\/wp\/v2\/users\/1"}],"replies":[{"embeddable":true,"href":"https:\/\/esparquet.com\/index.php\/wp-json\/wp\/v2\/comments?post=14"}],"version-history":[{"count":59,"href":"https:\/\/esparquet.com\/index.php\/wp-json\/wp\/v2\/pages\/14\/revisions"}],"predecessor-version":[{"id":332,"href":"https:\/\/esparquet.com\/index.php\/wp-json\/wp\/v2\/pages\/14\/revisions\/332"}],"wp:attachment":[{"href":"https:\/\/esparquet.com\/index.php\/wp-json\/wp\/v2\/media?parent=14"}],"curies":[{"name":"wp","href":"https:\/\/api.w.org\/{rel}","templated":true}]}}